{"id":1227,"date":"2018-05-20T08:43:05","date_gmt":"2018-05-20T06:43:05","guid":{"rendered":"http:\/\/bergische-velo.de\/?page_id=1227"},"modified":"2018-05-23T23:11:15","modified_gmt":"2018-05-23T21:11:15","slug":"impressum-2","status":"publish","type":"page","link":"https:\/\/bergische-velo.de\/?page_id=1227","title":{"rendered":"Impressum"},"content":{"rendered":"<p>Uwe Peter<br \/>\nGrafische Dienstleistungen<br \/>\nSchusterstr. 59<br \/>\n42105 Wuppertal<\/p>\n<p>Telefon:&nbsp;&nbsp;&nbsp; +49 (202) 37 02 944<br \/>\nFax:&nbsp;&nbsp;&nbsp;&nbsp;&nbsp;&nbsp;&nbsp;&nbsp; +49 (202)&nbsp;307031<br \/>\nE-Mail:&nbsp;&nbsp;&nbsp;&nbsp;&nbsp; grafik[\u00e4t]uwepeter.de<\/p>\n<p>Hinweis: Um Spam-E-Mails zu vermeiden, haben wir das \u201e@\u201c in unserer Mail-Adresse mit \u201e[\u00e4t]\u201c ersetzt. Bitte verwenden Sie stattdessen wieder das \u201e@\u201c, wenn Sie uns kontaktieren m\u00f6chten.<\/p>\n<p>Inhaltlich Verantwortlicher gem\u00e4\u00df \u00a7 10 Absatz 3 MDStV:<br \/>\nUwe Peter (Anschrift wie oben)<br \/>\n&nbsp;<\/p>\n","protected":false},"excerpt":{"rendered":"<p>Uwe Peter Grafische Dienstleistungen Schusterstr. 59 42105 Wuppertal Telefon:&nbsp;&nbsp;&nbsp; +49 (202) 37 02 944 Fax:&nbsp;&nbsp;&nbsp;&nbsp;&nbsp;&nbsp;&nbsp;&nbsp; +49 (202)&nbsp;307031 E-Mail:&nbsp;&nbsp;&nbsp;&nbsp;&nbsp; grafik[\u00e4t]uwepeter.de Hinweis: Um Spam-E-Mails zu vermeiden, haben wir das \u201e@\u201c in unserer Mail-Adresse mit \u201e[\u00e4t]\u201c ersetzt. Bitte verwenden Sie stattdessen wieder das \u201e@\u201c, wenn Sie uns kontaktieren m\u00f6chten. Inhaltlich Verantwortlicher gem\u00e4\u00df \u00a7 10 Absatz 3 MDStV: Uwe &hellip; <a href=\"https:\/\/bergische-velo.de\/?page_id=1227\" class=\"more-link\"><span class=\"screen-reader-text\">\u201eImpressum\u201c<\/span> weiterlesen<\/a><\/p>\n","protected":false},"author":1,"featured_media":0,"parent":0,"menu_order":0,"comment_status":"closed","ping_status":"closed","template":"","meta":{"ngg_post_thumbnail":0,"footnotes":""},"class_list":["post-1227","page","type-page","status-publish","hentry"],"_links":{"self":[{"href":"https:\/\/bergische-velo.de\/index.php?rest_route=\/wp\/v2\/pages\/1227"}],"collection":[{"href":"https:\/\/bergische-velo.de\/index.php?rest_route=\/wp\/v2\/pages"}],"about":[{"href":"https:\/\/bergische-velo.de\/index.php?rest_route=\/wp\/v2\/types\/page"}],"author":[{"embeddable":true,"href":"https:\/\/bergische-velo.de\/index.php?rest_route=\/wp\/v2\/users\/1"}],"replies":[{"embeddable":true,"href":"https:\/\/bergische-velo.de\/index.php?rest_route=%2Fwp%2Fv2%2Fcomments&post=1227"}],"version-history":[{"count":2,"href":"https:\/\/bergische-velo.de\/index.php?rest_route=\/wp\/v2\/pages\/1227\/revisions"}],"predecessor-version":[{"id":1232,"href":"https:\/\/bergische-velo.de\/index.php?rest_route=\/wp\/v2\/pages\/1227\/revisions\/1232"}],"wp:attachment":[{"href":"https:\/\/bergische-velo.de\/index.php?rest_route=%2Fwp%2Fv2%2Fmedia&parent=1227"}],"curies":[{"name":"wp","href":"https:\/\/api.w.org\/{rel}","templated":true}]}}