{"id":1343,"date":"2019-03-17T19:01:44","date_gmt":"2019-03-17T18:01:44","guid":{"rendered":"http:\/\/bergische-velo.de\/?page_id=1343"},"modified":"2019-03-19T10:28:09","modified_gmt":"2019-03-19T09:28:09","slug":"messebroschuere-2019","status":"publish","type":"page","link":"https:\/\/bergische-velo.de\/?page_id=1343","title":{"rendered":"Messebrosch\u00fcre 2019"},"content":{"rendered":"\n<figure class=\"wp-block-image\"><a href=\"http:\/\/bergische-velo.de\/wp-content\/uploads\/2019\/03\/BergVelo_Messebrosch\u00fcre_2019_03_Web2.pdf\" target=\"_blank\" rel=\"noreferrer noopener\"><img loading=\"lazy\" decoding=\"async\" width=\"1024\" height=\"480\" src=\"http:\/\/bergische-velo.de\/wp-content\/uploads\/2019\/03\/BergVelo_Messebrosch\u00fcre_2019_03_Cover_Druck_Flyer-1024x480.jpg\" alt=\"\" class=\"wp-image-1346\" srcset=\"https:\/\/bergische-velo.de\/wp-content\/uploads\/2019\/03\/BergVelo_Messebrosch\u00fcre_2019_03_Cover_Druck_Flyer-1024x480.jpg 1024w, https:\/\/bergische-velo.de\/wp-content\/uploads\/2019\/03\/BergVelo_Messebrosch\u00fcre_2019_03_Cover_Druck_Flyer-300x141.jpg 300w, https:\/\/bergische-velo.de\/wp-content\/uploads\/2019\/03\/BergVelo_Messebrosch\u00fcre_2019_03_Cover_Druck_Flyer-768x360.jpg 768w, https:\/\/bergische-velo.de\/wp-content\/uploads\/2019\/03\/BergVelo_Messebrosch\u00fcre_2019_03_Cover_Druck_Flyer.jpg 1239w\" sizes=\"(max-width: 709px) 85vw, (max-width: 909px) 67vw, (max-width: 1362px) 62vw, 840px\" \/><\/a><\/figure>\n\n\n\n<p><strong><a href=\"http:\/\/bergische-velo.de\/wp-content\/uploads\/2019\/03\/BergVelo_Messebrosch\u00fcre_2019_03_Web2.pdf\">Klicken Sie hier, um die PDF der Messebrosch\u00fcre zu \u00f6ffnen. Hier finden Sie Kurzinfos, Adressen und \u00d6ffnungszeiten. Die Bergische Velo online mit Links zu allen Anbietern (im Acrobat-Reader).<\/a><\/strong><\/p>\n\n\n\n<p><strong>Viel Spa\u00df beim St\u00f6bern!<\/strong><\/p>\n","protected":false},"excerpt":{"rendered":"<p>Klicken Sie hier, um die PDF der Messebrosch\u00fcre zu \u00f6ffnen. Hier finden Sie Kurzinfos, Adressen und \u00d6ffnungszeiten. Die Bergische Velo online mit Links zu allen Anbietern (im Acrobat-Reader). Viel Spa\u00df beim St\u00f6bern!<\/p>\n","protected":false},"author":2,"featured_media":0,"parent":0,"menu_order":0,"comment_status":"closed","ping_status":"closed","template":"","meta":{"ngg_post_thumbnail":0,"footnotes":""},"class_list":["post-1343","page","type-page","status-publish","hentry"],"_links":{"self":[{"href":"https:\/\/bergische-velo.de\/index.php?rest_route=\/wp\/v2\/pages\/1343"}],"collection":[{"href":"https:\/\/bergische-velo.de\/index.php?rest_route=\/wp\/v2\/pages"}],"about":[{"href":"https:\/\/bergische-velo.de\/index.php?rest_route=\/wp\/v2\/types\/page"}],"author":[{"embeddable":true,"href":"https:\/\/bergische-velo.de\/index.php?rest_route=\/wp\/v2\/users\/2"}],"replies":[{"embeddable":true,"href":"https:\/\/bergische-velo.de\/index.php?rest_route=%2Fwp%2Fv2%2Fcomments&post=1343"}],"version-history":[{"count":10,"href":"https:\/\/bergische-velo.de\/index.php?rest_route=\/wp\/v2\/pages\/1343\/revisions"}],"predecessor-version":[{"id":1376,"href":"https:\/\/bergische-velo.de\/index.php?rest_route=\/wp\/v2\/pages\/1343\/revisions\/1376"}],"wp:attachment":[{"href":"https:\/\/bergische-velo.de\/index.php?rest_route=%2Fwp%2Fv2%2Fmedia&parent=1343"}],"curies":[{"name":"wp","href":"https:\/\/api.w.org\/{rel}","templated":true}]}}