{"id":1406,"date":"2019-11-10T19:11:00","date_gmt":"2019-11-10T18:11:00","guid":{"rendered":"https:\/\/bergische-velo.de\/?page_id=1406"},"modified":"2019-11-10T19:11:00","modified_gmt":"2019-11-10T18:11:00","slug":"archiv-2019","status":"publish","type":"page","link":"https:\/\/bergische-velo.de\/?page_id=1406","title":{"rendered":"Archiv 2019"},"content":{"rendered":"\n<p><strong>Die 5. Bergische VELO <br>\u2013 die regionale Fahrradmesse<\/strong><\/p>\n\n\n\n<p><strong>in Wuppertal am 31. M\u00e4rz 2019 von 11 bis 17 Uhr<br><\/strong><\/p>\n\n\n\n<figure class=\"wp-block-image\"><a href=\"http:\/\/bergische-velo.de\/wp-content\/uploads\/2018\/05\/BergVelo2018_Ansicht-Utopia-Stadt_Ausschnitt_01_o.siebers.jpg\"><img loading=\"lazy\" decoding=\"async\" width=\"756\" height=\"504\" src=\"http:\/\/bergische-velo.de\/wp-content\/uploads\/2018\/05\/BergVelo2018_Ansicht-Utopia-Stadt_Ausschnitt_01_o.siebers.jpg\" alt=\"\" class=\"wp-image-1220\" srcset=\"https:\/\/bergische-velo.de\/wp-content\/uploads\/2018\/05\/BergVelo2018_Ansicht-Utopia-Stadt_Ausschnitt_01_o.siebers.jpg 756w, https:\/\/bergische-velo.de\/wp-content\/uploads\/2018\/05\/BergVelo2018_Ansicht-Utopia-Stadt_Ausschnitt_01_o.siebers-300x200.jpg 300w\" sizes=\"(max-width: 756px) 85vw, 756px\" \/><\/a><\/figure>\n\n\n\n<p>Am 31. M\u00e4rz 2019 \u00f6ffnet die 5. Bergische Velo auf dem Gel\u00e4nde der Spedition Schockem\u00f6hle gegen\u00fcber dem Mirker Bahnhof\/Utopiastadt ihre Tore. Ein kleines Jubil\u00e4um \u2013 f\u00fcnf Jahre Bergische Velo! Diese regionale Radmesse hat sich in Wuppertal und der Region bereits als festes Format etabliert. \u00dcber <a href=\"http:\/\/bergische-velo.de\/?page_id=1279\">40 Aussteller<\/a> pr\u00e4sentieren 2019 R\u00e4der, Reisen, Zubeh\u00f6r und vieles mehr. Ein f\u00fcr Wuppertal einzigartiges Angebot an Radmarken kann vor Ort angeschaut und ausprobiert werden: auf unserer 2,5 km langen Teststrecke \u2013 Steigung inklusive. Wir sind schlie\u00dflich in Wuppertal.<\/p>\n\n\n\n<p>Die ADFC Verlosung lockt wieder mit attraktiven Preisen: Helme, Beleuchtung, Bekleidung usw. In diesem Jahr sind die Hauptgewinne ein E-Bike von Bulls und ein Trekkingbike von Wuppercraft.<\/p>\n\n\n\n<p>F\u00fcnf Jahre Bergische Velo: In unserem Archiv haben wir Fotos aller Events eingestellt. Eindr\u00fccke&nbsp; vom letzten Jahr finden Sie hier:&nbsp; <a href=\"http:\/\/bergische-velo.de\/?page_id=1052\">&gt;&gt;Bilder 2018<\/a>, bewegte Bilder sehen sie hier:<\/p>\n\n\n\n<figure><iframe loading=\"lazy\" src=\"https:\/\/www.youtube.com\/embed\/iTgPmu_pm88\" allowfullscreen=\"allowfullscreen\" width=\"560\" height=\"315\"><\/iframe><\/figure>\n\n\n\n<p>F\u00fcr freuen uns auf Ihren Besuch!<\/p>\n\n\n\n<p>F\u00fcr interessierte Aussteller: Wir freuen uns \u00fcber eine kurze R\u00fcckmeldung, wenn Sie Interesse haben. Noch sind einige Pl\u00e4tze zu vergeben. Die aktuellen Teilnahmeunterlagen finden Sie <a href=\"http:\/\/bergische-velo.de\/wp-content\/uploads\/2018\/11\/Berg-Velo-2019_Infos_Anmeldung_Teilnahmebedingungen_02_web.pdf\"><strong>-&gt; hier<\/strong><\/a>.<\/p>\n","protected":false},"excerpt":{"rendered":"<p>Die 5. Bergische VELO \u2013 die regionale Fahrradmesse in Wuppertal am 31. M\u00e4rz 2019 von 11 bis 17 Uhr Am 31. M\u00e4rz 2019 \u00f6ffnet die 5. Bergische Velo auf dem Gel\u00e4nde der Spedition Schockem\u00f6hle gegen\u00fcber dem Mirker Bahnhof\/Utopiastadt ihre Tore. Ein kleines Jubil\u00e4um \u2013 f\u00fcnf Jahre Bergische Velo! Diese regionale Radmesse hat sich in Wuppertal &hellip; <a href=\"https:\/\/bergische-velo.de\/?page_id=1406\" class=\"more-link\"><span class=\"screen-reader-text\">\u201eArchiv 2019\u201c<\/span> weiterlesen<\/a><\/p>\n","protected":false},"author":2,"featured_media":0,"parent":0,"menu_order":0,"comment_status":"closed","ping_status":"closed","template":"","meta":{"ngg_post_thumbnail":0,"footnotes":""},"class_list":["post-1406","page","type-page","status-publish","hentry"],"_links":{"self":[{"href":"https:\/\/bergische-velo.de\/index.php?rest_route=\/wp\/v2\/pages\/1406"}],"collection":[{"href":"https:\/\/bergische-velo.de\/index.php?rest_route=\/wp\/v2\/pages"}],"about":[{"href":"https:\/\/bergische-velo.de\/index.php?rest_route=\/wp\/v2\/types\/page"}],"author":[{"embeddable":true,"href":"https:\/\/bergische-velo.de\/index.php?rest_route=\/wp\/v2\/users\/2"}],"replies":[{"embeddable":true,"href":"https:\/\/bergische-velo.de\/index.php?rest_route=%2Fwp%2Fv2%2Fcomments&post=1406"}],"version-history":[{"count":2,"href":"https:\/\/bergische-velo.de\/index.php?rest_route=\/wp\/v2\/pages\/1406\/revisions"}],"predecessor-version":[{"id":1411,"href":"https:\/\/bergische-velo.de\/index.php?rest_route=\/wp\/v2\/pages\/1406\/revisions\/1411"}],"wp:attachment":[{"href":"https:\/\/bergische-velo.de\/index.php?rest_route=%2Fwp%2Fv2%2Fmedia&parent=1406"}],"curies":[{"name":"wp","href":"https:\/\/api.w.org\/{rel}","templated":true}]}}