{"id":15,"date":"2015-03-05T09:02:58","date_gmt":"2015-03-05T08:02:58","guid":{"rendered":"http:\/\/stoelting-klein.de\/business\/bergische_velo\/?page_id=15"},"modified":"2017-03-27T22:33:55","modified_gmt":"2017-03-27T20:33:55","slug":"anfahrt-oeffnungszeiten","status":"publish","type":"page","link":"https:\/\/bergische-velo.de\/?page_id=15","title":{"rendered":"Anfahrt"},"content":{"rendered":"<p>Messegel\u00e4nde: Hamburger Str. 11, 42107 Wuppertal<\/p>\n<p>Sie erreichen uns am besten per Rad, zu Fu\u00df oder mit \u00f6ffentlichen Verkehrsmitteln. Lassen Sie Ihr Auto lieber zu Hause, es gibt keine Parkpl\u00e4tze. Das Messegel\u00e4nde kann nur von Menschen mit Behinderungen direkt mit dem Auto angefahren werden!<\/p>\n<p>Mit dem Rad oder zu Fu\u00df kommen Sie \u00fcber die Nordbahntrasse bis zum Mirker Bahnhof\/UtopiaStadt. Vor dort f\u00fchrt ein direkter Weg auf das Messegel\u00e4nde.<\/p>\n<p>Mit dem Bus: Sie erreichen die Velo in wenigen Minuten von der Bushaltestelle Schleswiger Stra\u00dfe. Folgen Sie einfach unserer blauen Wegweisung. Der Mirker Bahnhof ist ca. 300 Meter von der Bushaltestelle entfernt. Dort verkehren die Buslinien <a href=\"http:\/\/www.wsw-online.de\/fileadmin\/Mobil\/Dokumente\/Fahrplan\/607.pdf\">607<\/a>, <a href=\"http:\/\/www.wsw-online.de\/fileadmin\/Mobil\/Dokumente\/Fahrplan\/620.pdf\">620<\/a>, <a href=\"http:\/\/www.wsw-online.de\/fileadmin\/Mobil\/Dokumente\/Fahrplan\/625.pdf\">625<\/a>, <a href=\"http:\/\/www.wsw-online.de\/fileadmin\/Mobil\/Dokumente\/Fahrplan\/635.pdf\">635<\/a> und <a href=\"http:\/\/www.wsw-online.de\/fileadmin\/Mobil\/Dokumente\/Fahrplan\/645.pdf\">645<\/a> .<\/p>\n<p>&nbsp;<\/p>\n<p><strong>&nbsp;<\/strong><\/p>\n<p><iframe loading=\"lazy\" style=\"border: 0;\" src=\"https:\/\/www.google.com\/maps\/embed?pb=!1m17!1m8!1m3!1d4046.9616423988036!2d7.140653!3d51.266238!3m2!1i1024!2i768!4f13.1!4m6!3e0!4m0!4m3!3m2!1d51.2675634!2d7.1444426!5e1!3m2!1sde!2sus!4v1487516134554\" frameborder=\"0\" height=\"600\" width=\"800\"><\/iframe><\/p>\n","protected":false},"excerpt":{"rendered":"<p>Messegel\u00e4nde: Hamburger Str. 11, 42107 Wuppertal Sie erreichen uns am besten per Rad, zu Fu\u00df oder mit \u00f6ffentlichen Verkehrsmitteln. Lassen Sie Ihr Auto lieber zu Hause, es gibt keine Parkpl\u00e4tze. Das Messegel\u00e4nde kann nur von Menschen mit Behinderungen direkt mit dem Auto angefahren werden! Mit dem Rad oder zu Fu\u00df kommen Sie \u00fcber die Nordbahntrasse &hellip; <a href=\"https:\/\/bergische-velo.de\/?page_id=15\" class=\"more-link\"><span class=\"screen-reader-text\">\u201eAnfahrt\u201c<\/span> weiterlesen<\/a><\/p>\n","protected":false},"author":1,"featured_media":0,"parent":0,"menu_order":0,"comment_status":"closed","ping_status":"closed","template":"","meta":{"ngg_post_thumbnail":0,"footnotes":""},"class_list":["post-15","page","type-page","status-publish","hentry"],"_links":{"self":[{"href":"https:\/\/bergische-velo.de\/index.php?rest_route=\/wp\/v2\/pages\/15"}],"collection":[{"href":"https:\/\/bergische-velo.de\/index.php?rest_route=\/wp\/v2\/pages"}],"about":[{"href":"https:\/\/bergische-velo.de\/index.php?rest_route=\/wp\/v2\/types\/page"}],"author":[{"embeddable":true,"href":"https:\/\/bergische-velo.de\/index.php?rest_route=\/wp\/v2\/users\/1"}],"replies":[{"embeddable":true,"href":"https:\/\/bergische-velo.de\/index.php?rest_route=%2Fwp%2Fv2%2Fcomments&post=15"}],"version-history":[{"count":17,"href":"https:\/\/bergische-velo.de\/index.php?rest_route=\/wp\/v2\/pages\/15\/revisions"}],"predecessor-version":[{"id":770,"href":"https:\/\/bergische-velo.de\/index.php?rest_route=\/wp\/v2\/pages\/15\/revisions\/770"}],"wp:attachment":[{"href":"https:\/\/bergische-velo.de\/index.php?rest_route=%2Fwp%2Fv2%2Fmedia&parent=15"}],"curies":[{"name":"wp","href":"https:\/\/api.w.org\/{rel}","templated":true}]}}