{"id":18,"date":"2015-03-05T09:03:16","date_gmt":"2015-03-05T08:03:16","guid":{"rendered":"http:\/\/stoelting-klein.de\/business\/bergische_velo\/?page_id=18"},"modified":"2015-11-17T22:29:00","modified_gmt":"2015-11-17T21:29:00","slug":"fahrraeder-testen","status":"publish","type":"page","link":"https:\/\/bergische-velo.de\/?page_id=18","title":{"rendered":"Programm 2015"},"content":{"rendered":"<p><strong>Goldsprint station\u00e4res Fahrradrennen<\/strong><\/p>\n<p>Goldsprint ist ein station\u00e4re Fahrradrennen und unter den Fahrradkurieren ein weitverbreiteter Spa\u00df, ja inzwischen sogar ein Kult. Je zwei Teilnehmer\/innen fahren auf R\u00e4dern, die vorne befestigt sind und hinten auf freien Rollenlaufen um die Wette. Auf einem Monitor kann man Geschwindigkeit und zur\u00fcckgelegte Strecke ablesen.<\/p>\n<p>500 Meter Distanz m\u00fcssen gefahren werden, h\u00f6rt sich erst mal wenig an, bringt aber sicherlich die meisten an ihre Leistungsgrenze, sagt Silvia Pellicciotta von greenzone BIKING, die mit ihrem Team das Goldsprint-Rennen auf der Fahrradmesse am 19. April organisiert. Ob der OB Jung wohl gegen die politische Konkurrenz fahren wird? An diesem Tag wird man an vielen Stellen auf der Trasse nicht kr\u00e4ftig in die Pedale steigen k\u00f6nnen, am Goldsprint Stand auf der \u201eBergischen Velo \u2013 die regionale Fahrradmesse\u201c wird nur die eigene Kondition Grenzen setzen.<\/p>\n<p>Es gibt drei Vorrunden mit jeweils 6 L\u00e4ufen a 2 Personen (Beginn 11, 13 und 15 Uhr). Die Gewinner k\u00f6nnen dann in einer Finalrunde um 16 Uhr zeigen, wer am schnellsten ist. Es winken den beiden Erstplatzierten als Belohnung jeweils ein Mountainbike Fahrtechnikkurs bzw. ein Schrauberkurs bei greenzone Biking.<\/p>\n<p><strong>Mountainbike-Parkour<\/strong><\/p>\n<p>Der Wuppertaler Anbieter f\u00fcr gef\u00fchrte Mountainbike-Touren \u201eWupper Tal und Berg\u201c wird ein Testparkpour aufbauen, bei dem jede\/r seine Geschicklichkeit beweisen kann. Die drei schnellsten Fahrer erhalten zudem Gutscheine f\u00fcr Wuppert Tal+Berg Angebote.<\/p>\n<p><strong>Verkehrssicherheittraining<\/strong><\/p>\n<p>Die Wuppertaler Polizei wird auf ihrem Stand auf der Bergischen Velo Teile ihres Verkehrsicherheitstrainings p\u00e4sentieren. Mitmachen ist gewollt und spannend.<\/p>\n<p><strong>Fahrr\u00e4der testen<\/strong><\/p>\n<p>Hamburgerstra\u00dfe, Hansastra\u00dfe, W\u00fcstenhofer Stra\u00dfe, Juliusstra\u00dfe<br \/>\n-ca. 1,7 Kilometer<br \/>\n-ca. 25 H\u00f6henmeter<\/p>\n<p><iframe loading=\"lazy\" src=\"https:\/\/mapsengine.google.com\/map\/embed?mid=zuW9L_hy6DlI.kMsZov-pEY70\" width=\"640\" height=\"480\"><\/iframe><\/p>\n<p>&nbsp;<\/p>\n<p>weitere Aktionen:<\/p>\n<p>clownfisch: <a href=\"http:\/\/neu.clownfisch.eu\/utopia-stadt\/programm\/#\/04\/07\/19-04-2015-12-00-uhr-open-air-buehne-zur-eroeffnung-der-bergischen-panoramatrasse-mit-the-slapstickers-the-blackberrys-emilys-giant-uvm\/\" target=\"_blank\">Link<\/a><br \/>\nzum Mobilit\u00e4tstag:\u00a0<a href=\"https:\/\/www.facebook.com\/events\/1566045210344245\" target=\"_blank\">www.facebook.com\/events\/1566045210344245<\/a><br \/>\nBergische Struktur- und Wirtschaftsf\u00f6rderungsgesellschaft\u00a0&amp;\u00a0WUPPERTALBEWEGUNG e.V.: \u00a0<a href=\"http:\/\/www.die-bergischen-drei.de\/fileadmin\/user_upload\/pdf\/BSW_Saisonstart-2015_Folder_Ansicht_neu.pdf\" target=\"_blank\">Flyer<\/a><\/p>\n","protected":false},"excerpt":{"rendered":"<p>Goldsprint station\u00e4res Fahrradrennen Goldsprint ist ein station\u00e4re Fahrradrennen und unter den Fahrradkurieren ein weitverbreiteter Spa\u00df, ja inzwischen sogar ein Kult. Je zwei Teilnehmer\/innen fahren auf R\u00e4dern, die vorne befestigt sind und hinten auf freien Rollenlaufen um die Wette. Auf einem Monitor kann man Geschwindigkeit und zur\u00fcckgelegte Strecke ablesen. 500 Meter Distanz m\u00fcssen gefahren werden, h\u00f6rt &hellip; <a href=\"https:\/\/bergische-velo.de\/?page_id=18\" class=\"more-link\"><span class=\"screen-reader-text\">\u201eProgramm 2015\u201c<\/span> weiterlesen<\/a><\/p>\n","protected":false},"author":1,"featured_media":0,"parent":0,"menu_order":0,"comment_status":"closed","ping_status":"closed","template":"","meta":{"ngg_post_thumbnail":0,"footnotes":""},"class_list":["post-18","page","type-page","status-publish","hentry"],"_links":{"self":[{"href":"https:\/\/bergische-velo.de\/index.php?rest_route=\/wp\/v2\/pages\/18"}],"collection":[{"href":"https:\/\/bergische-velo.de\/index.php?rest_route=\/wp\/v2\/pages"}],"about":[{"href":"https:\/\/bergische-velo.de\/index.php?rest_route=\/wp\/v2\/types\/page"}],"author":[{"embeddable":true,"href":"https:\/\/bergische-velo.de\/index.php?rest_route=\/wp\/v2\/users\/1"}],"replies":[{"embeddable":true,"href":"https:\/\/bergische-velo.de\/index.php?rest_route=%2Fwp%2Fv2%2Fcomments&post=18"}],"version-history":[{"count":10,"href":"https:\/\/bergische-velo.de\/index.php?rest_route=\/wp\/v2\/pages\/18\/revisions"}],"predecessor-version":[{"id":421,"href":"https:\/\/bergische-velo.de\/index.php?rest_route=\/wp\/v2\/pages\/18\/revisions\/421"}],"wp:attachment":[{"href":"https:\/\/bergische-velo.de\/index.php?rest_route=%2Fwp%2Fv2%2Fmedia&parent=18"}],"curies":[{"name":"wp","href":"https:\/\/api.w.org\/{rel}","templated":true}]}}