{"id":2,"date":"2015-03-05T07:47:29","date_gmt":"2015-03-05T06:47:29","guid":{"rendered":"http:\/\/stoelting-klein.de\/business\/bergische_velo\/?page_id=2"},"modified":"2023-01-26T17:07:48","modified_gmt":"2023-01-26T16:07:48","slug":"6-bergische-velo-2020-die-regionale-fahrradmesse-abgesagt","status":"publish","type":"page","link":"https:\/\/bergische-velo.de\/","title":{"rendered":"Die Bergische Velo findet leider auch 2023 nicht statt, Planungen f\u00fcr 2024 begonnen"},"content":{"rendered":"\n<p><\/p>\n\n\n<p><strong><a href=\"http:\/\/bergische-velo.de\/wp-content\/uploads\/2018\/05\/BergVelo2018_Ansicht-Utopia-Stadt_Ausschnitt_01_o.siebers.jpg\"><img loading=\"lazy\" decoding=\"async\" class=\"alignnone size-full wp-image-1220\" src=\"http:\/\/bergische-velo.de\/wp-content\/uploads\/2018\/05\/BergVelo2018_Ansicht-Utopia-Stadt_Ausschnitt_01_o.siebers.jpg\" alt=\"\" width=\"756\" height=\"504\" srcset=\"https:\/\/bergische-velo.de\/wp-content\/uploads\/2018\/05\/BergVelo2018_Ansicht-Utopia-Stadt_Ausschnitt_01_o.siebers.jpg 756w, https:\/\/bergische-velo.de\/wp-content\/uploads\/2018\/05\/BergVelo2018_Ansicht-Utopia-Stadt_Ausschnitt_01_o.siebers-300x200.jpg 300w\" sizes=\"(max-width: 756px) 85vw, 756px\" \/><\/a><\/strong><\/p>\n<p>Liebe Interessierte an der Bergischen Velo!<\/p>\n<p>Auch wenn wir im M\u00e4rz gerne wieder unsere Tore ge\u00f6ffnet h\u00e4tte, es sollte wohl nicht sein. Auch wir haben in der relevanten Vorbereitungszeit im Herbst\/Winter 2022 mit personellen Schwierigkeiten und Krankheitsausf\u00e4llen zu k\u00e4mpfen gehabt. So eine Messe will gr\u00fcndlich vorbereitet sein, das war nicht gew\u00e4hrleistet und so haben wir uns deswegen schweren Herzens entschieden, auch dieses Jahr erneut auf die Messe zu verzichten.<\/p>\n<p>Wir hoffen auf 2024. Noch im Februar beginnen wir mit den Planungen und freuen uns auf ein Wiedersehen im Fr\u00fchjahr 2024. Bis dahin stehen wir in unseren L\u00e4den jederzeit mit Rad und Tat zur Verf\u00fcgung.<\/p>\n<div class=\"text_exposed_show\">\n<p>f\u00fcr die veranstaltenden H\u00e4ndler und den ADFC<br>Axel Franz (<a href=\"http:\/\/www.der-zweirad-experte.de\" target=\"_blank\" rel=\"noopener noreferrer\">Der Zweirad Experte in Wuppertal<\/a>)<br>Roger Heise (<a href=\"http:\/\/www.radfinesse.de\" target=\"_blank\" rel=\"noopener noreferrer\">Radfinesse<\/a>)<br>Knut Dickten (<a href=\"http:\/\/www.dickten-fahrraeder.de\" target=\"_blank\" rel=\"noopener noreferrer\">Dickten Fahrr\u00e4der<\/a>)<br>Klaus Lang (<a class=\"profileLink\" href=\"http:\/\/www.adfc-nrw.de\/kreisverbaende\/kv-wuppertal\/kreisverband-wuppertal-solingen.html\" target=\"_blank\" rel=\"noopener noreferrer\" data-hovercard=\"\/ajax\/hovercard\/page.php?id=559257034130383&amp;extragetparams=%7B%22__tn__%22%3A%22%2CdK-R-R%22%2C%22eid%22%3A%22ARBe5qw2CNXmyJ7WmpzFL1Amtaxicg74rS-olnY-Mx6vw6jqFZs3EGlaIEio_279da9fqRR0GGIz1mfo%22%2C%22fref%22%3A%22mentions%22%7D\" data-hovercard-prefer-more-content-show=\"1\">ADFC Wuppertal\/Solingen<\/a>)<\/p>\n<\/div>\n<p>Uwe Peter (Organisation)<\/p>\n<p>&nbsp;<\/p>\n<p>&nbsp;<\/p>","protected":false},"excerpt":{"rendered":"<p>Liebe Interessierte an der Bergischen Velo! Auch wenn wir im M\u00e4rz gerne wieder unsere Tore ge\u00f6ffnet h\u00e4tte, es sollte wohl nicht sein. Auch wir haben in der relevanten Vorbereitungszeit im Herbst\/Winter 2022 mit personellen Schwierigkeiten und Krankheitsausf\u00e4llen zu k\u00e4mpfen gehabt. So eine Messe will gr\u00fcndlich vorbereitet sein, das war nicht gew\u00e4hrleistet und so haben wir &hellip; <a href=\"https:\/\/bergische-velo.de\/\" class=\"more-link\"><span class=\"screen-reader-text\">\u201eDie Bergische Velo findet leider auch 2023 nicht statt, Planungen f\u00fcr 2024 begonnen\u201c<\/span> weiterlesen<\/a><\/p>\n","protected":false},"author":1,"featured_media":0,"parent":0,"menu_order":0,"comment_status":"closed","ping_status":"closed","template":"","meta":{"ngg_post_thumbnail":0,"footnotes":""},"class_list":["post-2","page","type-page","status-publish","hentry"],"_links":{"self":[{"href":"https:\/\/bergische-velo.de\/index.php?rest_route=\/wp\/v2\/pages\/2"}],"collection":[{"href":"https:\/\/bergische-velo.de\/index.php?rest_route=\/wp\/v2\/pages"}],"about":[{"href":"https:\/\/bergische-velo.de\/index.php?rest_route=\/wp\/v2\/types\/page"}],"author":[{"embeddable":true,"href":"https:\/\/bergische-velo.de\/index.php?rest_route=\/wp\/v2\/users\/1"}],"replies":[{"embeddable":true,"href":"https:\/\/bergische-velo.de\/index.php?rest_route=%2Fwp%2Fv2%2Fcomments&post=2"}],"version-history":[{"count":88,"href":"https:\/\/bergische-velo.de\/index.php?rest_route=\/wp\/v2\/pages\/2\/revisions"}],"predecessor-version":[{"id":1546,"href":"https:\/\/bergische-velo.de\/index.php?rest_route=\/wp\/v2\/pages\/2\/revisions\/1546"}],"wp:attachment":[{"href":"https:\/\/bergische-velo.de\/index.php?rest_route=%2Fwp%2Fv2%2Fmedia&parent=2"}],"curies":[{"name":"wp","href":"https:\/\/api.w.org\/{rel}","templated":true}]}}