{"id":504,"date":"2016-03-28T13:42:54","date_gmt":"2016-03-28T11:42:54","guid":{"rendered":"http:\/\/bergische-velo.de\/?page_id=504"},"modified":"2016-03-28T14:59:58","modified_gmt":"2016-03-28T12:59:58","slug":"504-2","status":"publish","type":"page","link":"https:\/\/bergische-velo.de\/?page_id=504","title":{"rendered":"Archiv 2015"},"content":{"rendered":"<p>Im April 2015 veranstalteten die Wuppertaler Fahrradh\u00e4ndler \u00bbDer Zweiradexperte\u00ab, \u00bbDickten Fahrr\u00e4der\u00ab, \u00bbRadfinnesse\u00ab und \u00bbZweirad Otto\u00ab zusammen mit dem ADFC Wuppertal\/Solingen die erste Bergische Velo. Diese regionale Fahrradmesse war f\u00fcr alle ein \u00fcberraschender Erfolg, kombiniert mit der Mobilit\u00e4tstag von UtopiaStadt am Mirker Bahnhof. Bei einem wunderbaren Fr\u00fchlingswetter und im Rahmen der Er\u00f6ffnungsfeier des bergischen Trassenverbundes kamen Tausende zu dieser ambitionierten Open-Ait-Veranstaltung und \u00fcberraschenden mit dem durchweg positiven Echo Veranstalter und Aussteller. Einige Eindr\u00fccke finden sie &gt;&gt; <a href=\"http:\/\/bergische-velo.de\/?page_id=245\"><strong>hier<\/strong><\/a>.<\/p>\n","protected":false},"excerpt":{"rendered":"<p>Im April 2015 veranstalteten die Wuppertaler Fahrradh\u00e4ndler \u00bbDer Zweiradexperte\u00ab, \u00bbDickten Fahrr\u00e4der\u00ab, \u00bbRadfinnesse\u00ab und \u00bbZweirad Otto\u00ab zusammen mit dem ADFC Wuppertal\/Solingen die erste Bergische Velo. Diese regionale Fahrradmesse war f\u00fcr alle ein \u00fcberraschender Erfolg, kombiniert mit der Mobilit\u00e4tstag von UtopiaStadt am Mirker Bahnhof. Bei einem wunderbaren Fr\u00fchlingswetter und im Rahmen der Er\u00f6ffnungsfeier des bergischen Trassenverbundes kamen &hellip; <a href=\"https:\/\/bergische-velo.de\/?page_id=504\" class=\"more-link\"><span class=\"screen-reader-text\">\u201eArchiv 2015\u201c<\/span> weiterlesen<\/a><\/p>\n","protected":false},"author":2,"featured_media":0,"parent":0,"menu_order":0,"comment_status":"closed","ping_status":"closed","template":"","meta":{"ngg_post_thumbnail":0,"footnotes":""},"class_list":["post-504","page","type-page","status-publish","hentry"],"_links":{"self":[{"href":"https:\/\/bergische-velo.de\/index.php?rest_route=\/wp\/v2\/pages\/504"}],"collection":[{"href":"https:\/\/bergische-velo.de\/index.php?rest_route=\/wp\/v2\/pages"}],"about":[{"href":"https:\/\/bergische-velo.de\/index.php?rest_route=\/wp\/v2\/types\/page"}],"author":[{"embeddable":true,"href":"https:\/\/bergische-velo.de\/index.php?rest_route=\/wp\/v2\/users\/2"}],"replies":[{"embeddable":true,"href":"https:\/\/bergische-velo.de\/index.php?rest_route=%2Fwp%2Fv2%2Fcomments&post=504"}],"version-history":[{"count":3,"href":"https:\/\/bergische-velo.de\/index.php?rest_route=\/wp\/v2\/pages\/504\/revisions"}],"predecessor-version":[{"id":510,"href":"https:\/\/bergische-velo.de\/index.php?rest_route=\/wp\/v2\/pages\/504\/revisions\/510"}],"wp:attachment":[{"href":"https:\/\/bergische-velo.de\/index.php?rest_route=%2Fwp%2Fv2%2Fmedia&parent=504"}],"curies":[{"name":"wp","href":"https:\/\/api.w.org\/{rel}","templated":true}]}}