{"id":531,"date":"2016-07-04T23:31:22","date_gmt":"2016-07-04T21:31:22","guid":{"rendered":"http:\/\/bergische-velo.de\/?page_id=531"},"modified":"2016-07-04T23:31:22","modified_gmt":"2016-07-04T21:31:22","slug":"archiv-2016","status":"publish","type":"page","link":"https:\/\/bergische-velo.de\/?page_id=531","title":{"rendered":"Archiv 2016"},"content":{"rendered":"<p><strong>2. bergische Velo in Wuppertal am 24. April 2016 von 10 bis 17 Uhr<br \/>\n<\/strong><\/p>\n<p>Im April 2015 haben vier Wuppertaler Fahrradh\u00e4ndler und der ADFC Kreiverband Wuppertal\/Solingen\/Remscheid erstmalig eine regionale Fahrradmesse initiiert: die bergische Velo. Mit mehreren tausend Besuchern k\u00f6nnen wir stolz behaupten, einen guten Start hingelegt zu haben. Dies hat uns angespornt, das Format Bergische Velo fest zu etablieren. Eindr\u00fccke von unserer ersten Messe 2015 finden Sie <a href=\"http:\/\/bergische-velo.de\/?page_id=245\" target=\"_blank\"><strong>&gt;&gt;hier<\/strong><\/a><strong>.<\/strong><\/p>\n<p><strong>2016<\/strong> zeigten bereits mehr als 30 Aussteller ihr Angebot (&gt;&gt;<strong><a href=\"http:\/\/bergische-velo.de\/?page_id=493\">Aussteller<\/a><\/strong>). Impressionen k\u00f6nnen Sie in unserer &gt;&gt; <strong>Galerie<\/strong> anschauen. Vertreten waren nat\u00fcrlich viele H\u00e4ndler aus dem Tal, aber auch Hersteller von R\u00e4dern, vier Showtrucks pr\u00e4sentierten aktuelle Modelle, die alle Probe gefahren werden konnten \u2013 auf einer 2,5 km lange Teststrecke mit typischem Wuppertaler auf und ab. Auch das Zubeh\u00f6r kam nicht zu kurz und acht Tourismusverb\u00e4nde lockten mit tollen Radtour-Angeboten \u2013 von Wuppertal bis in hohe Ostfriesland. Begleitend gab es eine kleine Messebrosch\u00fcre, schauen Sie &gt;&gt;<strong><a href=\"http:\/\/bergische-velo.de\/wp-content\/uploads\/2015\/03\/Berg_Velo_2016_Messebrosch\u00fcre_07_web.pdf\">hier<\/a><\/strong>.<\/p>\n<p>Auf der Messe konnten wieder beim st\u00e4tion\u00e4ren Fahrradrennen Gold-Sprint von \u00bbgreenzone biking\u00ab gezeigt, wieviel Mumm man in den Knochen hat. Bei dem neuen Fahrradkurier \u00ad\u00bble Courier\u00ad\u00ab konnte mal versucht werden, mit einem Lastenrad eine Runde zu drehen, unter Zeitdruck versteht sich.<\/p>\n<p>Ein interessantes Rahmenprogramm bot zudem UtopiaStadt im Mirker Bahnhof mit seinem Mobilit\u00e4tstag (Infos <strong><a href=\"https:\/\/www.clownfisch.eu\/#\/03\/26\/24-08-16-1000-2000-mobilitaetstag-2016\/\">&gt;&gt; hier<\/a><\/strong>), wo sich sich Initiativen, Vereine und Gruppen vorstellten, die im Bereich moderne Mobilit\u00e4t aktiv sind.<\/p>\n<p>Unser Plakat:<\/p>\n<p><a href=\"http:\/\/bergische-velo.de\/wp-content\/uploads\/2015\/03\/Berg_Velo_Plakat2016_Web.gif\" rel=\"attachment wp-att-500\"><img loading=\"lazy\" decoding=\"async\" class=\"alignnone size-medium wp-image-500\" src=\"http:\/\/bergische-velo.de\/wp-content\/uploads\/2015\/03\/Berg_Velo_Plakat2016_Web-213x300.gif\" alt=\"Berg_Velo_Plakat2016_Web\" width=\"213\" height=\"300\" \/><\/a><\/p>\n","protected":false},"excerpt":{"rendered":"<p>2. bergische Velo in Wuppertal am 24. April 2016 von 10 bis 17 Uhr Im April 2015 haben vier Wuppertaler Fahrradh\u00e4ndler und der ADFC Kreiverband Wuppertal\/Solingen\/Remscheid erstmalig eine regionale Fahrradmesse initiiert: die bergische Velo. Mit mehreren tausend Besuchern k\u00f6nnen wir stolz behaupten, einen guten Start hingelegt zu haben. Dies hat uns angespornt, das Format Bergische &hellip; <a href=\"https:\/\/bergische-velo.de\/?page_id=531\" class=\"more-link\"><span class=\"screen-reader-text\">\u201eArchiv 2016\u201c<\/span> weiterlesen<\/a><\/p>\n","protected":false},"author":2,"featured_media":0,"parent":0,"menu_order":0,"comment_status":"closed","ping_status":"closed","template":"","meta":{"ngg_post_thumbnail":0,"footnotes":""},"class_list":["post-531","page","type-page","status-publish","hentry"],"_links":{"self":[{"href":"https:\/\/bergische-velo.de\/index.php?rest_route=\/wp\/v2\/pages\/531"}],"collection":[{"href":"https:\/\/bergische-velo.de\/index.php?rest_route=\/wp\/v2\/pages"}],"about":[{"href":"https:\/\/bergische-velo.de\/index.php?rest_route=\/wp\/v2\/types\/page"}],"author":[{"embeddable":true,"href":"https:\/\/bergische-velo.de\/index.php?rest_route=\/wp\/v2\/users\/2"}],"replies":[{"embeddable":true,"href":"https:\/\/bergische-velo.de\/index.php?rest_route=%2Fwp%2Fv2%2Fcomments&post=531"}],"version-history":[{"count":1,"href":"https:\/\/bergische-velo.de\/index.php?rest_route=\/wp\/v2\/pages\/531\/revisions"}],"predecessor-version":[{"id":533,"href":"https:\/\/bergische-velo.de\/index.php?rest_route=\/wp\/v2\/pages\/531\/revisions\/533"}],"wp:attachment":[{"href":"https:\/\/bergische-velo.de\/index.php?rest_route=%2Fwp%2Fv2%2Fmedia&parent=531"}],"curies":[{"name":"wp","href":"https:\/\/api.w.org\/{rel}","templated":true}]}}