{"id":6,"date":"2015-03-05T09:01:50","date_gmt":"2015-03-05T08:01:50","guid":{"rendered":"http:\/\/stoelting-klein.de\/business\/bergische_velo\/?page_id=6"},"modified":"2020-03-12T17:24:43","modified_gmt":"2020-03-12T16:24:43","slug":"veranstalter","status":"publish","type":"page","link":"https:\/\/bergische-velo.de\/?page_id=6","title":{"rendered":"Veranstalter"},"content":{"rendered":"<p>Am 29. M\u00e4rz 2020 wird es die sechste Bergische Velo in Folge geben. Diese neue regionale Radmesse hat sich in Wuppertal und der Region bereits als festes Format etabliert. 2015 haben vier Wuppertaler Fahrradh\u00e4ndler und der ADFC Kreiverband Wuppertal\/Solingen\/Remscheid erstmalig diese regionale Fahrradmesse initiiert. Inzwischen mit \u00fcber 50 Ausstellern und einem vielfachen an Marken und Angeboten. Hier einige Infos zu den Veranstaltern:<\/p>\n<p><strong>Der Zweirad Experte Wuppertal<\/strong><br \/>\nFriedrich-Ebert-Str. 131 G<br \/>\n42117 Wuppertal Elberfeld<br \/>\nTelefon: 0202-4299749-0<br \/>\nTelefax: 020242997494<br \/>\ninfo@der-zweirad-experte.de<br \/>\nInternet:&nbsp;<a href=\"http:\/\/www.der-zweirad-experte.de\/\" target=\"_blank\" rel=\"noopener noreferrer\">www.der-zweirad-experte.de<\/a><\/p>\n<p>Fahrspa\u00df und Sicherheit f\u00fcr die ganze Familie, das ist unser Auftrag. 1930 in Mettmann&nbsp;gegr\u00fcndet und seit 2009 in Wuppertal-Elberfeld. Durch die langj\u00e4hrige Arbeit im Bike Sektor&nbsp;konnten wir schon mit den meisten Herstellern Erfahrungen sammeln. So gelingt es uns, ein&nbsp;gezielte Auswahl an Produkten f\u00fcr die Menschen in unserer Region anzubieten. Wir arbeiten&nbsp;wir ausschlie\u00dflich mit Firmen zusammen, die eine langfristige Versorgung mit Ersatzteilen&nbsp;und Serviceleistungen bieten k\u00f6nnen. Durch unsere Mitgliedschaft in der weltweit gr\u00f6\u00dften&nbsp;Kooperation im Zweiradwesen, der ZEG (Zweirad Einkaufs Genossenschaft) optimieren wir zudem unsere Eink\u00e4ufe um Ihnen das Best m\u00f6gliche Preis-\/ Leistungsverh\u00e4ltnis zu sichern. In&nbsp;Wuppertals gr\u00f6\u00dfter Fahrrad-Meister-Werkstatt k\u00fcmmern sich unsere ausgebildeten Zweirad-Mechatroniker um Ihre R\u00e4der. Vom Plattfu\u00df bis zur gro\u00dfen Fahrwerks\u00fcberholung.<br \/>\n###<\/p>\n<p><strong>Knut Dickten Fahrradhandel GmbH &amp; Co. KG<\/strong><br \/>\nUnterd\u00f6rnen 93<br \/>\n42283 Wuppertal<br \/>\nTelefon: 0202\/591010<br \/>\nTelefax: 0202\/591019<br \/>\n<a href=\"mailto:info@dickten-fahrraeder.de\">info@dickten-fahrraeder.de<br \/>\n<\/a>Internet: <a href=\"http:\/\/www.dickten-fahrraeder.de\" target=\"_blank\" rel=\"noopener noreferrer\">www.dickten-fahrraeder.de<\/a><\/p>\n<p>Wir leben Fahrrad! Seit \u00fcber 60 Jahren halten wir das Bergische Land in Bewegung. Zu Beginn mit drei Fahrr\u00e4dern in einer kleinen Kohlenhandlung in Wuppertal Hatzfeld bis heute in Wuppertal Barmen mit der gr\u00f6\u00dften Auswahl an E-Bikes im Bergischen Land. Tradition ist der kleine, aber feine Unterschied zu anderen Fahrradgesch\u00e4ften oder Online Shops.<br \/>\nSie kaufen bei uns eben nicht nur ein Fahrrad, auch Tradition, Markenvielfalt, Erfahrung, Fachberatung, Service und Kompetenz.<br \/>\nEs lohnt sich, mal bei uns reinzuschauen und eine richtige Beratung zu bekommen. Und wenn Sie dann mal ein, zwei R\u00e4der Probe gefahren haben, werden Sie merken: Es gibt f\u00fcr jeden Geldbeutel und f\u00fcr jeden Einsatzbereich ein passendes Fahrrad. \u00dcber die passende Farbe<br \/>\nberaten Sie gerne unsere Damen, die sind zumindest nicht so farbenblind wie der Chef\u2026<br \/>\n###<\/p>\n<p><strong>Radfinesse<\/strong><br \/>\nInhaber Roger Heise<br \/>\nHaspeler Str. 10<br \/>\n42285 Wuppertal<br \/>\nTelefon: 0202 &#8211; 81512<br \/>\nradfinesse @ arcor.de<br \/>\nInternet: <a href=\"http:\/\/www.radfinesse.de\" target=\"_blank\" rel=\"noopener noreferrer\">www.radfinesse.de<\/a><\/p>\n<p>Radfinesse ist seit 1994 der Fahrradladen in Wuppertal mit dem besonderen Service und Fahrr\u00e4dern, die es nicht \u00fcberall gibt. Am Besten selbst testen!<br \/>\nFaltr\u00e4der \u2013 klein, schick, praktisch sind seit Beginn in unserem Sortiment. Ausgestattet mit sehr guten Fahreigenschaften, dass so mancher unserer Kunden neben seinem Faltrad kein anderes Rad mehr besitzt!<br \/>\nElektror\u00e4der, E-Bikes, Pedelecs &#8211; bei uns schon seit 1999 eine Selbstverst\u00e4ndlichkeit. Yamaha mit PAS-Antrieb das Bestm\u00f6gliche zu jener Zeit. Ab 2003 kam u. a. die Schweizer Marke Flyer dazu. Die Flyer-Qualit\u00e4t entwickelte sich st\u00e4ndig weiter. Damals wie heute Bergisch-Land-tauglich! Ein weiterer Premiumhersteller ist in diesem Bereich Riese und M\u00fcller. Unser Partner seit 20 Jahren!<\/p>\n<p>###<\/p>\n<p><b>Allgemeiner Deutscher Fahrrad-Club<br \/>\nKreisverband Wuppertal\/ Solingen e.V.<br \/>\n<\/b>Klaus Lang<br \/>\nPostfach 131803<br \/>\n42045 Wuppertal<br \/>\nTelefon : +49 202 7460250<\/p>\n<p>Internet: <a href=\"http:\/\/www.adfc-nrw.de\/kreisverbaende\/kv-wuppertal\/kreisverband-wuppertal-solingen.html\" target=\"_blank\" rel=\"noopener noreferrer\">ADFC<\/a><\/p>\n<p>Der ADFC ist ein bundesweiter, gemeinn\u00fctziger Verein mit mehr als 146.000 Mitgliedern. Davon&nbsp;alleine \u00fcber 32.000 Mitglieder in NRW. Er ist die Interessenvertretung der Alltags- und Freizeitradler&nbsp;und arbeitet in den Schwerpunkten: \u2022 Verkehrsplanung \u2022 Verkehrspolitik \u2022 Tourismus<br \/>\nHaben Sie Interesse an unserem Rad-Newsletter Wuppertal?<br \/>\nWir nehmen Sie gerne in den Verteiler auf und informieren Sie \u00fcber alles Wichtige zum Thema&nbsp;Radfahren in und um Wuppertal. Im Internet erhalten Sie auch aktuelle Hinweise zu unserem&nbsp;Tourenangebot und Veranstaltungen rund ums Rad.<\/p>\n","protected":false},"excerpt":{"rendered":"<p>Am 29. M\u00e4rz 2020 wird es die sechste Bergische Velo in Folge geben. Diese neue regionale Radmesse hat sich in Wuppertal und der Region bereits als festes Format etabliert. 2015 haben vier Wuppertaler Fahrradh\u00e4ndler und der ADFC Kreiverband Wuppertal\/Solingen\/Remscheid erstmalig diese regionale Fahrradmesse initiiert. Inzwischen mit \u00fcber 50 Ausstellern und einem vielfachen an Marken und &hellip; <a href=\"https:\/\/bergische-velo.de\/?page_id=6\" class=\"more-link\"><span class=\"screen-reader-text\">\u201eVeranstalter\u201c<\/span> weiterlesen<\/a><\/p>\n","protected":false},"author":1,"featured_media":0,"parent":0,"menu_order":0,"comment_status":"closed","ping_status":"closed","template":"","meta":{"ngg_post_thumbnail":0,"footnotes":""},"class_list":["post-6","page","type-page","status-publish","hentry"],"_links":{"self":[{"href":"https:\/\/bergische-velo.de\/index.php?rest_route=\/wp\/v2\/pages\/6"}],"collection":[{"href":"https:\/\/bergische-velo.de\/index.php?rest_route=\/wp\/v2\/pages"}],"about":[{"href":"https:\/\/bergische-velo.de\/index.php?rest_route=\/wp\/v2\/types\/page"}],"author":[{"embeddable":true,"href":"https:\/\/bergische-velo.de\/index.php?rest_route=\/wp\/v2\/users\/1"}],"replies":[{"embeddable":true,"href":"https:\/\/bergische-velo.de\/index.php?rest_route=%2Fwp%2Fv2%2Fcomments&post=6"}],"version-history":[{"count":16,"href":"https:\/\/bergische-velo.de\/index.php?rest_route=\/wp\/v2\/pages\/6\/revisions"}],"predecessor-version":[{"id":1488,"href":"https:\/\/bergische-velo.de\/index.php?rest_route=\/wp\/v2\/pages\/6\/revisions\/1488"}],"wp:attachment":[{"href":"https:\/\/bergische-velo.de\/index.php?rest_route=%2Fwp%2Fv2%2Fmedia&parent=6"}],"curies":[{"name":"wp","href":"https:\/\/api.w.org\/{rel}","templated":true}]}}