{"id":700,"date":"2017-02-19T14:49:47","date_gmt":"2017-02-19T13:49:47","guid":{"rendered":"http:\/\/bergische-velo.de\/?page_id=700"},"modified":"2017-03-16T12:39:34","modified_gmt":"2017-03-16T11:39:34","slug":"aussteller-2017","status":"publish","type":"page","link":"https:\/\/bergische-velo.de\/?page_id=700","title":{"rendered":"Aussteller 2017"},"content":{"rendered":"<h4>Marken<br \/>\ndie auf der bergischen Velo zu besichtigt<br \/>\nund getestet werden k\u00f6nnen:<\/h4>\n<p>BH Bikes, B\u00f6ttcher, Brompton, <a href=\"http:\/\/www.bulls.de\">Bulls<\/a>, Busch &amp; M\u00fcller, Corratec, Felt, Flyer, Flyke, Focus, Giant, Hercules, <a href=\"http:\/\/www.kalkhoff-bikes.com\">Kalkhoff<\/a>, KTM, M\u00fcsing, Pegasus, Piaggio, Raleigh, Riese &amp; M\u00fcller, KlickFix, S\u2019Cool, Scott, Simplex, Stevens, Univega, Velo de Ville, Vespa, Victoria, Winora, WupperCraft, Yazoo, ZEMO&nbsp;<strong>&nbsp;<\/strong><\/p>\n<p><strong><u>Veranstalter<\/u><\/strong><\/p>\n<p><strong>ADFC Kreisverband Wuppertal \/ Solingen e.V.<\/strong><br \/>\nPostfach 131803 \u00b7 42045 Wuppertal<br \/>\n0202&nbsp; 74 60 250 \u00b7 mobil: 0151&nbsp; 52 11 05 59<br \/>\n<a href=\"mailto:info@adfc-wuppertal.de\">info(\u00e4t)adfc-wuppertal.de<br \/>\n<\/a><a href=\"http:\/\/www.adfc-wuppertal.de\">www.adfc-wuppertal.de<br \/>\n<\/a>facebook.com\/adfcwuppertal<\/p>\n<p>&nbsp;<\/p>\n<p><strong>Der Zweirad Experte in Wuppertal Elberfeld (lokales Fahrradgesch\u00e4ft)<\/strong><strong><br \/>\n<\/strong>Friedrich-Ebert-Str. 131 \u00b7 42117 Wuppertal Elberfeld<br \/>\n0202 4299749-0<br \/>\n<a href=\"mailto:info@der-zweirad-experte.de\">info(\u00e4t)der-zweirad-experte.de<br \/>\n<\/a><a href=\"http:\/\/www.der-zweirad-experte.de\">www.der-zweirad-experte.de<br \/>\n<\/a>Mo\u2005-\u2005Fr 9.30\u2005-\u200519 Uhr&nbsp; |&nbsp; Sa 9.30 Uhr\u2005-\u200515.30 Uhr<\/p>\n<p>&nbsp;<\/p>\n<p><strong>Dickten Fahrr\u00e4der (lokales Fahrradgesch\u00e4ft)<\/strong><strong><br \/>\n<\/strong>Unterd\u00f6rnen 93 \u00b7 42283 Wuppertal<br \/>\n0202 591010<br \/>\n<a href=\"mailto:info@dickten-fahrraeder.de\">info(\u00e4t)dickten-fahrraeder.de<br \/>\n<\/a><a href=\"http:\/\/www.dickten-fahrraeder.de\">www.dickten-fahrraeder.de<br \/>\n<\/a><a href=\"http:\/\/www.facebook.com\/dicktenfahrraeder\">www.facebook.com\/dicktenfahrraeder<\/a><br \/>\nMo\u2005-\u2005Mi\u200510\u2005-\u200518:30 Uhr | Do, Fr 10\u2005-\u200519 Uhr | Sa 10\u2005-\u200515 Uhr<\/p>\n<p>&nbsp;<\/p>\n<p><strong>Zweiradfahrzeuge Otto (lokales Fahrradgesch\u00e4ft)<\/strong><strong><br \/>\n<\/strong>Bayreuther Str. 52a \u00b7 42115 Wuppertal<br \/>\n0202 304455<br \/>\n<a href=\"mailto:zweirad-otto@gmx.de\">zweirad-otto(\u00e4t)gmx.de<br \/>\n<\/a><a href=\"http:\/\/www.zweirad-otto.de\">www.zweirad-otto.de<br \/>\n<\/a>Mo\u2005-\u2005Fr 8.30\u2005-\u200513 Uhr | 14.30\u2005-\u200518 Uhr | Sa 9\u2005-\u200512 Uhr<br \/>\nMittwoch nachmittags geschlossen<\/p>\n<p>&nbsp;<\/p>\n<p><strong>Radfinesse (lokales Fahrradgesch\u00e4ft)<\/strong><strong><br \/>\n<\/strong>Haspeler Str. 10 \u00b7 42285 Wuppertal<br \/>\n0202 81512<br \/>\n<a href=\"mailto:radfinesse@arcor.de\">radfinesse(\u00e4t)arcor.de<br \/>\n<\/a><a href=\"http:\/\/www.radfinesse.de\">www.radfinesse.de<br \/>\n<\/a>Di\u2005-\u2005Fr 10\u2005-\u200513 Uhr | 15\u2005-\u200518.30 Uhr, Sa 10\u2005-\u200514 Uhr<\/p>\n<p>&nbsp;<\/p>\n<p><strong><u>Weitere Aussteller<\/u><\/strong><\/p>\n<p><strong>&nbsp;<\/strong><\/p>\n<p><strong>ABUS (Zubeh\u00f6r: Helme und Schl\u00f6sser)<\/strong><strong><br \/>\n<\/strong>August Bremicker S\u00f6hne KG<br \/>\nAltenhofer Weg 25 \u00b7 58300 Wetter<br \/>\nTelefon: +49 23 35 634-0<br \/>\n<a href=\"mailto:info@abus.de\">info(\u00e4t)abus.de<br \/>\n<\/a><a href=\"http:\/\/www.abus.com\">www.abus.com<\/a><\/p>\n<p>&nbsp;<\/p>\n<p><strong>B\u00e4rtig. Hutmacher | Utopiastadt<\/strong><br \/>\nNordbahntrasse 13.6 km<br \/>\nMirkerstr. 48 \u00b7 42105 Wuppertal<br \/>\nTel.: 0202 39348657<br \/>\n<a href=\"http:\/\/www.utopiastadt.eu\">www.utopiastadt.eu<\/a><\/p>\n<p>&nbsp;<\/p>\n<p><strong>Das Bergische (Tourismus)<br \/>\n<\/strong><strong>Naturarena Bergisches Land GmbH<\/strong><strong><br \/>\n<\/strong>Bergisches Haus<br \/>\nFriedrich-Ebert-Str. 75, 51429 Bergisch Gladbach<br \/>\n02204 84 30 00<br \/>\ninfo(\u00e4t)dasbergische.de<br \/>\n<a href=\"http:\/\/www.dasbergische.de\">www.dasbergische.de<\/a><\/p>\n<p>&nbsp;<\/p>\n<p><strong>Der gr\u00fcne Weg e.V.<\/strong><br \/>\nMit dem Fahrrad zur Partnerstadt<br \/>\n<a href=\"http:\/\/www.der-gruene-weg.de\">www.der-gruene-weg.de<\/a><\/p>\n<p>&nbsp;<\/p>\n<p><strong>Die Bergischen Drei (Tourismus)<\/strong><strong><br \/>\n<\/strong>Bergisches Land Tourismus Marketing e.V.<br \/>\nK\u00f6lner Stra\u00dfe 8 \u00b7 42651 Solingen<br \/>\n0212 881606-65<br \/>\ninfo(\u00e4t)die-bergischen-drei.de<br \/>\n<a href=\"http:\/\/www.die-bergischen-drei.de\">www.die-bergischen-drei.de<\/a><\/p>\n<p>&nbsp;<\/p>\n<p><strong>EAL GmbH \u2013 EUFAB Fahrradtr\u00e4ger (Hersteller)<br \/>\n<\/strong><strong>Otto-Hausmann-Ring 107 <\/strong>\u00b7 42115 Wuppertal<br \/>\n<a href=\"http:\/\/www.eal-vertrieb.de\">www.eal-vertrieb.de<\/a><\/p>\n<p>&nbsp;<\/p>\n<p><strong>EASY Dachtr\u00e4ger<\/strong><br \/>\nPeter Prass KG<br \/>\nBeethovenstr. 24&nbsp; \u00b7 42655 Solingen<br \/>\nTel.: 0212 222980<br \/>\n<a href=\"http:\/\/www.prasolux.de\">www.prasolux.de<\/a><\/p>\n<p><strong>&nbsp;<\/strong><\/p>\n<p><strong>Emotion Sportswear<br \/>\n<\/strong>Hammer Str. 19 \u00b7 45239 Essen<br \/>\n<a href=\"http:\/\/www.emotion-sportswear.de\">www.emotion-sportswear.de<\/a><\/p>\n<p><strong>&nbsp;<\/strong><\/p>\n<p><strong>Emsland Touristik GmbH (Tourismus)<\/strong><strong><br \/>\n<\/strong>Ordeniederung 2 \u00b7 49716 Meppen<br \/>\n05931 442266 \u00b7 info(\u00e4t)emsland.com<br \/>\n<a href=\"http:\/\/www.emsland.com\">www.emsland.com<\/a><\/p>\n<p><strong>&nbsp;<\/strong><\/p>\n<p><strong>Emschergenossenschaft\/Lippeverband (Tourismus)<\/strong><br \/>\nKronprinzenstr. 24<br \/>\n45128 Essen<br \/>\nTel.: 0201 104-0<br \/>\n<a href=\"http:\/\/www.eglv.de\">www.eglv.de<\/a><\/p>\n<p>&nbsp;<\/p>\n<p><strong>Fahrrad Schmalley (lokales Fahrradgesch\u00e4ft)<\/strong><strong><br \/>\n<\/strong>Langerfelder Str. 129 \u00b7 42389 Wuppertal<br \/>\n0202 612095<br \/>\n<a href=\"http:\/\/www.fahrrad-schmalley.de\">fahrrad-schmalley(\u00e4t)t-online.de<br \/>\nwww.fahrrad-schmalley.de<br \/>\n<\/a>Mo, Di, Do, Fr 15\u2005-\u200518.30 Uhr, Sa 9.30\u2005-\u200513 Uhr<\/p>\n<p>&nbsp;<\/p>\n<p><strong>Grafschaft Bentheim Tourismus e.V. (Tourismus)<\/strong><strong><br \/>\n<\/strong>van-Delden-Stra\u00dfe 1\u2005-\u20057 \u00b7 48529 Nordhorn<br \/>\n05921 961392<br \/>\n<a href=\"http:\/\/www.grafschaft-bentheim-tourismus.de\">www.grafschaft-bentheim-tourismus.de<\/a><\/p>\n<p>&nbsp;<\/p>\n<p><strong>greenzone biking (MTB Fahrtechnik und Schrauben)<\/strong><strong><br \/>\n<\/strong>Silvia Pellicciotta<br \/>\nHindenburgstr. 85 \u00b7 42117 Wuppertal<br \/>\n0176 64 32 19 79<br \/>\n<a href=\"http:\/\/www.greenzonebiking.de\">www.greenzonebiking.de<\/a><\/p>\n<p>&nbsp;<\/p>\n<p><strong>Crepes\/Quarkb\u00e4llchen Karussell-Verleih Kehrmann<\/strong><br \/>\nOpphofer Str. 125 \u00b7 42109 Wuppertal<br \/>\nTel.: 0170 4742248<br \/>\n<a href=\"http:\/\/www.karussellverleih-kehrmann.de\">www.karussellverleih-kehrmann.de<\/a><\/p>\n<p>&nbsp;<\/p>\n<p><strong>la petite Confiserie<\/strong><br \/>\nMarienstr. 37\/Ecke Zimmerstra\u00dfe \u00b7 42105 Wuppertal<br \/>\nTel.: 0202 4742248<br \/>\n<a href=\"http:\/\/www.lapetite-confiserie.de\">www.lapetite-confiserie.de<\/a><\/p>\n<p>&nbsp;<\/p>\n<p><strong>le Courier (Kurierdienste)<\/strong><strong><br \/>\n<\/strong>Rad und Lastenkurier<br \/>\nGertrudenstra\u00dfe 3a \u00b7 42105 Wuppertal<br \/>\nAuftragsannahme:<br \/>\nWerktags von 9 \u2013 17 Uhr<br \/>\n0202 3190 7316<br \/>\n<a href=\"mailto:info@le-courier.express\">info(\u00e4t)le-courier.express<br \/>\n<\/a><a href=\"http:\/\/www.le-courier.express\">www.le-courier.express<\/a><\/p>\n<p>&nbsp;<\/p>\n<p><strong>Madame Curry (Catering)<\/strong><strong><br \/>\n<\/strong>Oberwall 51 \u00b7 42289 Wuppertal<br \/>\n0202 2761437<br \/>\n<a href=\"http:\/\/www.madame-curry.info\">www.madame-curry.info<\/a><\/p>\n<p>&nbsp;<\/p>\n<p><strong>Mount Three<br \/>\n<\/strong>Hammer Str. 19 \u00b7 45239 Essen<br \/>\n<a href=\"http:\/\/www.mount-three.de\">www.mount-three.de<\/a><\/p>\n<p>&nbsp;<\/p>\n<p><strong>neanderland \/ Kreis Mettmann<br \/>\n<\/strong>Amt f\u00fcr Personal, Organisation, Wirtschaftsf\u00f6rderung, Kultur und&nbsp;Tourismus<br \/>\nSachgebiet Tourismus<br \/>\nGoldberger Stra\u00dfe 30 |&nbsp;40822 Mettmann<br \/>\n<strong>Postanschrift:<\/strong> D\u00fcsseldorfer Str.&nbsp;26 | 40822 Mettmann<br \/>\nTel. 02104-991199 | Fax 02104-995049<br \/>\ninfo(\u00e4t)neanderland.de<br \/>\n<a href=\"http:\/\/www.neanderland.de\">www.neanderland.de<\/a>&nbsp;| <a href=\"http:\/\/www.kreis-mettmann.de\">www.kreis-mettmann.de<\/a><\/p>\n<p><strong>&nbsp;<\/strong><\/p>\n<p><strong>Nordrhein-Westfalen-Stiftung<br \/>\n<\/strong>Natur . Heimat . Kultur<br \/>\nRo\u00dfstra\u00dfe 133 \u00b7 40476 D\u00fcsseldorf<br \/>\n<a href=\"http:\/\/www.nrw-stiftung.de\/\">www.nrw-stiftung.de<\/a><\/p>\n<p>&nbsp;<\/p>\n<p><strong>oelberger taschenmanufaktur (Accessoirs und Taschen)<\/strong><strong><br \/>\n<\/strong>Silvia Werner Designerin<br \/>\nMarienstr. 46 \u00b7 42105 Wuppertal<br \/>\n0202&nbsp; 29 99 30 70 \/ mobil: 0174 16 44 184<br \/>\n<a href=\"mailto:silvia.werner@oelberger-taschenmanufaktur.de\">silvia.wernerkontakt(\u00e4t)oelberger-taschenmanufaktur.de<br \/>\n<\/a><a href=\"http:\/\/www.oelberger-taschenmanufaktur.de\">www.oelberger-taschenmanufaktur.de<br \/>\n<\/a>&nbsp;<\/p>\n<p><strong>Pedalero Fahrradladen und Kurier (lokales Fahrradgesch\u00e4ft und Kurier)<\/strong><strong><br \/>\n<\/strong>Luisenstr. 73 \u00b7 42103 Wuppertal<br \/>\nKurier: Mo\u2005-\u2005Do 8:30\u2005-\u200518 Uhr, Fr bis 17 Uhr \u00b7 0202-30 79 21<br \/>\nLaden: Di\u2005-\u2005Fr 10\u2005-\u200518:30 Uhr, Sa bis 14 Uhr \u00b7 0202-370 27 26<br \/>\n<a href=\"mailto:info@pedalero.de\">infokontakt(\u00e4t)PeTTO-bike.depedalero.de<\/a><\/p>\n<p>&nbsp;<\/p>\n<p><strong>PeTTO bike \u2013 pedelec manufactur wuppertal (Hersteller)<\/strong><br \/>\nBayreuther Str. 52a, 42115 Wuppertal<br \/>\n0151 \u2013 156 307 09 oder 0211 \u2013 99 452 901<br \/>\n<a href=\"mailto:kontakt@PeTTO-bike.de\">kontakt(\u00e4t)PeTTO-bike.de<\/a> \u00b7 <a href=\"http:\/\/www.PeTTO-bike.de\">www.PeTTO-bike.de<\/a><\/p>\n<p>&nbsp;<\/p>\n<p><strong>Polizeipr\u00e4sidium Wuppertal<\/strong><strong><br \/>\n<\/strong>Direktion Verkehr \u2013 Verkehrsunfallpr\u00e4vention<br \/>\nFriedrich-Engels-Allee 228 \u00b7 42285 Wuppertal<br \/>\n0202 284-9521<\/p>\n<p>&nbsp;<\/p>\n<p><strong>PUKY GmbH &amp; Co. KG<\/strong><br \/>\nFortunastr. 11, 42489 W\u00fclfrath<br \/>\n<a href=\"http:\/\/www.puky.de\">www.puky.de<\/a><\/p>\n<p>&nbsp;<\/p>\n<p><strong>Radbahnhof Wichlinghausen<\/strong><br \/>\nLangobardenstr. 65 \u00b7 42277 Wichlinghausen<br \/>\nTel.: 0202 9806560<br \/>\n<strong>radreisen-radtouren-berlin-brandenburg.de<br \/>\n<\/strong>Sperlingshof 28 \u00b7 14624 Dallgow-D\u00f6beritz<br \/>\nTel: 03322 2560 \u0751 Fax: 03322 25614<br \/>\nsperlingshof(\u00e4t)t-online.de<br \/>\n<a href=\"http:\/\/www.radreisen-radtouren-berlin-brandenburg.de\">www.radreisen-radtouren-berlin-brandenburg.de<\/a> <strong><br \/>\n<\/strong><\/p>\n<p>&nbsp;<\/p>\n<p><strong>Rent a Bike Eskesberg<br \/>\n<\/strong>Am Eskesberg 5 \u00b7 42115 Wuppertal<br \/>\nTel.: 0202 271-2830<br \/>\n<a href=\"http:\/\/www.rentabike-wuppertal.de\">www.rentabike-wuppertal.de<\/a><\/p>\n<p><strong>&nbsp;<\/strong><\/p>\n<p><strong>Sanit\u00e4tshaus B\u00f6ge GmbH (H\u00e4ndler von Spezialr\u00e4dern)<\/strong><br \/>\nLandstr. 66 \u00b7 42781 Haan<br \/>\n<a href=\"tel:+4952425984010\">021 29 &nbsp;3 49 <\/a>4 55<br \/>\n<a href=\"http:\/\/www.boege-online.de\/\">www.boege-online.de<\/a><\/p>\n<p>&nbsp;<\/p>\n<p><strong>Tourist-Information Uplengen\/Ostfriesland (Tourismus)<\/strong><strong><br \/>\n<\/strong>Alter Postweg 109 (An der M\u00fchle)<br \/>\n26670 Uplengen\/Ostfriesland<br \/>\n04956 912177 \u00b7 touristinfo(\u00e4t)uplengen.de<br \/>\n<a href=\"http:\/\/www.touristik-uplengen.de\">www.touristik-uplengen.de<\/a><\/p>\n<p>&nbsp;<\/p>\n<p><strong>Tourismusverband Osnabr\u00fccker Land e.V. (Tourismus)<\/strong><strong><br \/>\n<\/strong>Herrenteichsstra\u00dfe 17+18<br \/>\n49074 Osnabr\u00fcck<br \/>\n0541 323-4570 \u00b7 team(\u00e4t)tvosl.de<br \/>\n<a href=\"http:\/\/www.osnabruecker-land.de\">www.osnabruecker-land.de<\/a><\/p>\n<p>&nbsp;<\/p>\n<p><strong>Wirtschaftsf\u00f6rderungsagentur Ennepe-Ruhr GmbH (Tourismus)<\/strong><br \/>\nAm Walzwerk 25<br \/>\n45527 Hattingen<br \/>\nTel.: 02324-564819<br \/>\nFax: 02324-564848<br \/>\n<a href=\"http:\/\/www.en-tourismus.de\">www.en-tourismus.de<\/a><\/p>\n<p>&nbsp;<\/p>\n<p><strong>Westdeutsche Zeitung GmbH &amp; Co. KG<\/strong><br \/>\nOtto-Hausmann-Rung 185 \u00b7 42115 Wuppertal<br \/>\nTel.: 0800-1452452<br \/>\n<a href=\"mailto:leserservice@wz.de\">leserservice@wz.de<\/a><br \/>\n<a href=\"http:\/\/www.wz.de\">www.wz.de<\/a><\/p>\n<p>&nbsp;<\/p>\n<p><strong>Wuppertal Marketing GmbH (Tourismus)<\/strong><strong><br \/>\n<\/strong>Friedrich Engels Allee 83 \u00b7 42285 Wuppertal<br \/>\n0202-5634097<br \/>\n<a href=\"http:\/\/www.wuppertal-marketing.de\">www.wuppertal-marketing.de<\/a><\/p>\n<p>&nbsp;<\/p>\n<p><strong>WSW Wuppertaler Stadtwerke<br \/>\nWSW mobil und WSW Energie<\/strong><br \/>\nBromberger Str. 39 &#8211; 41<br \/>\n42281 Wuppertal<br \/>\nTel.: 0202 569-0<br \/>\nFax: 0202 569-4590<br \/>\nwsw(at)wsw-online.de<br \/>\n<a href=\"http:\/\/www.wsw-online.de\">www.wsw-online.de<\/a><\/p>\n<p>&nbsp;<\/p>\n<p><strong>Zoo-Verein Wuppertal e.V.<\/strong><br \/>\nHubertusallee 30<br \/>\n42117 Wuppertal<br \/>\nTel.: 0202 563 36 62<br \/>\nzoo-verein(at)zoo-wuppertal.de<br \/>\n<a href=\"http:\/\/www.zoo-wuppertal.de\/zoo-verein\/\">www.zoo-wuppertal.de\/zoo-verein\/<\/a><\/p>\n<p>&nbsp;<\/p>\n","protected":false},"excerpt":{"rendered":"<p>Marken die auf der bergischen Velo zu besichtigt und getestet werden k\u00f6nnen: BH Bikes, B\u00f6ttcher, Brompton, Bulls, Busch &amp; M\u00fcller, Corratec, Felt, Flyer, Flyke, Focus, Giant, Hercules, Kalkhoff, KTM, M\u00fcsing, Pegasus, Piaggio, Raleigh, Riese &amp; M\u00fcller, KlickFix, S\u2019Cool, Scott, Simplex, Stevens, Univega, Velo de Ville, Vespa, Victoria, Winora, WupperCraft, Yazoo, ZEMO&nbsp;&nbsp; Veranstalter ADFC Kreisverband Wuppertal &hellip; <a href=\"https:\/\/bergische-velo.de\/?page_id=700\" class=\"more-link\"><span class=\"screen-reader-text\">\u201eAussteller 2017\u201c<\/span> weiterlesen<\/a><\/p>\n","protected":false},"author":2,"featured_media":0,"parent":0,"menu_order":0,"comment_status":"closed","ping_status":"closed","template":"","meta":{"ngg_post_thumbnail":0,"footnotes":""},"class_list":["post-700","page","type-page","status-publish","hentry"],"_links":{"self":[{"href":"https:\/\/bergische-velo.de\/index.php?rest_route=\/wp\/v2\/pages\/700"}],"collection":[{"href":"https:\/\/bergische-velo.de\/index.php?rest_route=\/wp\/v2\/pages"}],"about":[{"href":"https:\/\/bergische-velo.de\/index.php?rest_route=\/wp\/v2\/types\/page"}],"author":[{"embeddable":true,"href":"https:\/\/bergische-velo.de\/index.php?rest_route=\/wp\/v2\/users\/2"}],"replies":[{"embeddable":true,"href":"https:\/\/bergische-velo.de\/index.php?rest_route=%2Fwp%2Fv2%2Fcomments&post=700"}],"version-history":[{"count":13,"href":"https:\/\/bergische-velo.de\/index.php?rest_route=\/wp\/v2\/pages\/700\/revisions"}],"predecessor-version":[{"id":757,"href":"https:\/\/bergische-velo.de\/index.php?rest_route=\/wp\/v2\/pages\/700\/revisions\/757"}],"wp:attachment":[{"href":"https:\/\/bergische-velo.de\/index.php?rest_route=%2Fwp%2Fv2%2Fmedia&parent=700"}],"curies":[{"name":"wp","href":"https:\/\/api.w.org\/{rel}","templated":true}]}}