{"id":759,"date":"2017-03-23T08:40:07","date_gmt":"2017-03-23T07:40:07","guid":{"rendered":"http:\/\/bergische-velo.de\/?page_id=759"},"modified":"2018-09-12T11:31:57","modified_gmt":"2018-09-12T09:31:57","slug":"gebrauchtmarkt-auf-der-velo","status":"publish","type":"page","link":"https:\/\/bergische-velo.de\/?page_id=759","title":{"rendered":"Gebrauchtmarkt auf der Velo"},"content":{"rendered":"<p><a href=\"http:\/\/bergische-velo.de\/wp-content\/uploads\/2017\/03\/Velo_Gebraucht_IMG_20170322_105935.jpg\"><img loading=\"lazy\" decoding=\"async\" class=\"size-full wp-image-760\" src=\"http:\/\/bergische-velo.de\/wp-content\/uploads\/2017\/03\/Velo_Gebraucht_IMG_20170322_105935.jpg\" alt=\"\" width=\"510\" height=\"383\" srcset=\"https:\/\/bergische-velo.de\/wp-content\/uploads\/2017\/03\/Velo_Gebraucht_IMG_20170322_105935.jpg 510w, https:\/\/bergische-velo.de\/wp-content\/uploads\/2017\/03\/Velo_Gebraucht_IMG_20170322_105935-300x225.jpg 300w\" sizes=\"(max-width: 510px) 85vw, 510px\" \/><\/a><\/p>\n<p>Auf der bergischen Velo kann man jede Menge neuer Fahrr\u00e4der bestaunen und ausprobieren. Aber was tun mit den alten Sch\u00e4tzchen? Wir bieten die M\u00f6glichkeit auf einem abgesteckten Gel\u00e4nde, gebrauchte Fahrr\u00e4der zu verkaufen, um damit vielleicht den Grundstock f\u00fcr das neue Traumfahrrad zu legen oder sich mal ein richtig fettes Eis kaufen zu k\u00f6nnen. Wie dem auch sei, es gelten strenge Regeln, weil wir nicht der Hehlerei&nbsp; Vorschub leisten wollen:<\/p>\n<ul>\n<li>Es d\u00fcrfen ausschlie\u00dflich Privatpersonen (keine H\u00e4ndler) Fahrr\u00e4der verkaufen<\/li>\n<li>Es wird eine Kostenbeitrag von 5 \u20ac erhoben, egal ob das Fahrrad verkauft wird oder nicht.<\/li>\n<li>Die Aufsicht \u00fcber die Ware sowie die Abwicklung des Verkaufs liegt allein beim Privatanbieter. Wir stellen nur das Gel\u00e4nde zur Verf\u00fcgung, haben weder Aufsichts- noch Haftungspflichten.<\/li>\n<li>Das Fahrrad wird \u2013 nach einer Probefahrt \u2013 in gebrauchtem Zustand unter Ausschluss der Sachm\u00e4ngelhaftung verkauft. Dieser Haftungsausschluss gilt nicht f\u00fcr Garantieerkl\u00e4rungen des Verk\u00e4ufers (siehe unten), f\u00fcr Schadensersatzanspr\u00fcche, die auf einer grob fahrl\u00e4ssigen oder vors\u00e4tzlichen Pflichtverletzung des Verk\u00e4ufers beruhen oder bei K\u00f6rpersch\u00e4den.<\/li>\n<li>Der Verk\u00e4ufer garantiert, dass das Fahrrad nebst Zubeh\u00f6r sein frei verf\u00fcgbares Eigentum ist und keinen Unfallschaden erlitten hat.<\/li>\n<li>Alle Verk\u00e4ufer m\u00fcssen Ihren Personalausweis vorweisen k\u00f6nnen.<\/li>\n<li>Der Veranstalter Bergische Velo schlie\u00dft jegliche Haftung aus, da es sich um einen reinen Verkauf von Privat zu Privat handelt.<\/li>\n<li>Es werden die von uns bereitgestellten standardisierten Kaufvertr\u00e4ge des ADFC benutzt.<\/li>\n<li>Alle Fahrr\u00e4der, ob verkauft oder nicht, m\u00fcssen bis 17 Uhr vom Gel\u00e4nde entfernt sein.<\/li>\n<\/ul>\n","protected":false},"excerpt":{"rendered":"<p>Auf der bergischen Velo kann man jede Menge neuer Fahrr\u00e4der bestaunen und ausprobieren. Aber was tun mit den alten Sch\u00e4tzchen? Wir bieten die M\u00f6glichkeit auf einem abgesteckten Gel\u00e4nde, gebrauchte Fahrr\u00e4der zu verkaufen, um damit vielleicht den Grundstock f\u00fcr das neue Traumfahrrad zu legen oder sich mal ein richtig fettes Eis kaufen zu k\u00f6nnen. Wie dem &hellip; <a href=\"https:\/\/bergische-velo.de\/?page_id=759\" class=\"more-link\"><span class=\"screen-reader-text\">\u201eGebrauchtmarkt auf der Velo\u201c<\/span> weiterlesen<\/a><\/p>\n","protected":false},"author":2,"featured_media":0,"parent":0,"menu_order":0,"comment_status":"closed","ping_status":"closed","template":"","meta":{"ngg_post_thumbnail":0,"footnotes":""},"class_list":["post-759","page","type-page","status-publish","hentry"],"_links":{"self":[{"href":"https:\/\/bergische-velo.de\/index.php?rest_route=\/wp\/v2\/pages\/759"}],"collection":[{"href":"https:\/\/bergische-velo.de\/index.php?rest_route=\/wp\/v2\/pages"}],"about":[{"href":"https:\/\/bergische-velo.de\/index.php?rest_route=\/wp\/v2\/types\/page"}],"author":[{"embeddable":true,"href":"https:\/\/bergische-velo.de\/index.php?rest_route=\/wp\/v2\/users\/2"}],"replies":[{"embeddable":true,"href":"https:\/\/bergische-velo.de\/index.php?rest_route=%2Fwp%2Fv2%2Fcomments&post=759"}],"version-history":[{"count":5,"href":"https:\/\/bergische-velo.de\/index.php?rest_route=\/wp\/v2\/pages\/759\/revisions"}],"predecessor-version":[{"id":1246,"href":"https:\/\/bergische-velo.de\/index.php?rest_route=\/wp\/v2\/pages\/759\/revisions\/1246"}],"wp:attachment":[{"href":"https:\/\/bergische-velo.de\/index.php?rest_route=%2Fwp%2Fv2%2Fmedia&parent=759"}],"curies":[{"name":"wp","href":"https:\/\/api.w.org\/{rel}","templated":true}]}}