{"id":882,"date":"2017-10-16T16:22:24","date_gmt":"2017-10-16T14:22:24","guid":{"rendered":"http:\/\/bergische-velo.de\/?page_id=882"},"modified":"2021-10-29T23:53:20","modified_gmt":"2021-10-29T21:53:20","slug":"mitmachen","status":"publish","type":"page","link":"https:\/\/bergische-velo.de\/?page_id=882","title":{"rendered":"Mitmachen"},"content":{"rendered":"<p>Sie m\u00f6chten an der Bergischen Velo 2022 als Aussteller teilnehmen? Sie sind herzlich willkommen!<\/p>\n<p>Unsere Messe bietet Ihnen hervorragende M\u00f6glichkeiten Ihr Produkt oder Dienstleistung einem sehr interressierten und kauffreudigen Publikum vorzustellen. Das gilt genauso f\u00fcr touristische Angebote, denn wer erst einmal ein Zweirad sein eigen nennt, m\u00f6chte damit auch die Welt au\u00dferhalb des Tales an der Wupper entdecken.&nbsp;<\/p>\n<p>Ab dem 7.11.21 f\u00fchrt sie der nachfolgende Link f\u00fchrt zu den Teilnahmeformularen 2022.<\/p>\n<p><strong>&gt;&gt;<\/strong> Hier finden Sie weitere Infos, die Teilnahmebedingungen und Anmeldeformulare.<\/p>\n<p>Wir freuen uns auf Ihre R\u00fcckmeldung.<\/p>\n<p>Unverbindliche Vorabanmeldungen nehmen wir ab sofort gerne entgegen: velo@uwepeter.de<\/p>\n<p>&nbsp;<\/p>\n","protected":false},"excerpt":{"rendered":"<p>Sie m\u00f6chten an der Bergischen Velo 2022 als Aussteller teilnehmen? Sie sind herzlich willkommen! Unsere Messe bietet Ihnen hervorragende M\u00f6glichkeiten Ihr Produkt oder Dienstleistung einem sehr interressierten und kauffreudigen Publikum vorzustellen. Das gilt genauso f\u00fcr touristische Angebote, denn wer erst einmal ein Zweirad sein eigen nennt, m\u00f6chte damit auch die Welt au\u00dferhalb des Tales an &hellip; <a href=\"https:\/\/bergische-velo.de\/?page_id=882\" class=\"more-link\"><span class=\"screen-reader-text\">\u201eMitmachen\u201c<\/span> weiterlesen<\/a><\/p>\n","protected":false},"author":2,"featured_media":0,"parent":0,"menu_order":0,"comment_status":"closed","ping_status":"closed","template":"","meta":{"ngg_post_thumbnail":0,"footnotes":""},"class_list":["post-882","page","type-page","status-publish","hentry"],"_links":{"self":[{"href":"https:\/\/bergische-velo.de\/index.php?rest_route=\/wp\/v2\/pages\/882"}],"collection":[{"href":"https:\/\/bergische-velo.de\/index.php?rest_route=\/wp\/v2\/pages"}],"about":[{"href":"https:\/\/bergische-velo.de\/index.php?rest_route=\/wp\/v2\/types\/page"}],"author":[{"embeddable":true,"href":"https:\/\/bergische-velo.de\/index.php?rest_route=\/wp\/v2\/users\/2"}],"replies":[{"embeddable":true,"href":"https:\/\/bergische-velo.de\/index.php?rest_route=%2Fwp%2Fv2%2Fcomments&post=882"}],"version-history":[{"count":18,"href":"https:\/\/bergische-velo.de\/index.php?rest_route=\/wp\/v2\/pages\/882\/revisions"}],"predecessor-version":[{"id":1535,"href":"https:\/\/bergische-velo.de\/index.php?rest_route=\/wp\/v2\/pages\/882\/revisions\/1535"}],"wp:attachment":[{"href":"https:\/\/bergische-velo.de\/index.php?rest_route=%2Fwp%2Fv2%2Fmedia&parent=882"}],"curies":[{"name":"wp","href":"https:\/\/api.w.org\/{rel}","templated":true}]}}